{"id":57151,"date":"2022-01-04T08:04:22","date_gmt":"2022-01-04T13:34:22","guid":{"rendered":"https:\/\/logity.co\/site\/?page_id=57151"},"modified":"2025-02-26T14:32:03","modified_gmt":"2025-02-26T20:02:03","slug":"blog","status":"publish","type":"page","link":"https:\/\/logity.com\/site\/pt\/blog\/","title":{"rendered":"Meios"},"content":{"rendered":"<div data-elementor-type=\"wp-page\" data-elementor-id=\"57151\" class=\"elementor elementor-57151\" data-elementor-post-type=\"page\">\n\t\t\t\t\t\t<section class=\"elementor-section elementor-top-section elementor-element elementor-element-743fba10 elementor-section-boxed elementor-section-height-default elementor-section-height-default\" data-id=\"743fba10\" data-element_type=\"section\" data-e-type=\"section\">\n\t\t\t\t\t\t<div class=\"elementor-container elementor-column-gap-default\">\n\t\t\t\t\t<div class=\"elementor-column elementor-col-100 elementor-top-column elementor-element elementor-element-4dbfca1a\" data-id=\"4dbfca1a\" data-element_type=\"column\" data-e-type=\"column\">\n\t\t\t<div class=\"elementor-widget-wrap elementor-element-populated\">\n\t\t\t\t\t\t<div class=\"elementor-element elementor-element-4bed2ae3 elementor-widget elementor-widget-text-editor\" data-id=\"4bed2ae3\" data-element_type=\"widget\" data-e-type=\"widget\" data-widget_type=\"text-editor.default\">\n\t\t\t\t<div class=\"elementor-widget-container\">\n\t\t\t\t\t\t\t\t\t\t\t\t\t\t\t\t\t<\/div>\n\t\t\t\t<\/div>\n\t\t\t\t\t<\/div>\n\t\t<\/div>\n\t\t\t\t\t<\/div>\n\t\t<\/section>\n\t\t\t\t<section class=\"elementor-section elementor-top-section elementor-element elementor-element-2a48736 elementor-section-boxed elementor-section-height-default elementor-section-height-default\" data-id=\"2a48736\" data-element_type=\"section\" data-e-type=\"section\">\n\t\t\t\t\t\t<div class=\"elementor-container elementor-column-gap-default\">\n\t\t\t\t\t<div class=\"elementor-column elementor-col-100 elementor-top-column elementor-element elementor-element-66e9a97\" data-id=\"66e9a97\" data-element_type=\"column\" data-e-type=\"column\">\n\t\t\t<div class=\"elementor-widget-wrap elementor-element-populated\">\n\t\t\t\t\t\t<div class=\"elementor-element elementor-element-5fe4d02 elementor-grid-1 elementor-grid-tablet-2 elementor-grid-mobile-1 elementor-posts--thumbnail-top elementor-card-shadow-yes elementor-posts__hover-gradient load-more-align-center elementor-widget elementor-widget-posts\" data-id=\"5fe4d02\" data-element_type=\"widget\" data-e-type=\"widget\" data-settings=\"{&quot;cards_columns&quot;:&quot;1&quot;,&quot;pagination_type&quot;:&quot;load_more_on_click&quot;,&quot;cards_columns_tablet&quot;:&quot;2&quot;,&quot;cards_columns_mobile&quot;:&quot;1&quot;,&quot;cards_row_gap&quot;:{&quot;unit&quot;:&quot;px&quot;,&quot;size&quot;:35,&quot;sizes&quot;:[]},&quot;cards_row_gap_tablet&quot;:{&quot;unit&quot;:&quot;px&quot;,&quot;size&quot;:&quot;&quot;,&quot;sizes&quot;:[]},&quot;cards_row_gap_mobile&quot;:{&quot;unit&quot;:&quot;px&quot;,&quot;size&quot;:&quot;&quot;,&quot;sizes&quot;:[]},&quot;load_more_spinner&quot;:{&quot;value&quot;:&quot;fas fa-spinner&quot;,&quot;library&quot;:&quot;fa-solid&quot;}}\" data-widget_type=\"posts.cards\">\n\t\t\t\t<div class=\"elementor-widget-container\">\n\t\t\t\t\t\t\t<div class=\"elementor-posts-container elementor-posts elementor-posts--skin-cards elementor-grid\" role=\"list\">\n\t\t\t\t<article class=\"elementor-post elementor-grid-item post-58685 post type-post status-publish format-standard has-post-thumbnail hentry category-sin-categoria\" role=\"listitem\">\n\t\t\t<div class=\"elementor-post__card\">\n\t\t\t\t<a class=\"elementor-post__thumbnail__link\" href=\"https:\/\/logity.com\/site\/pt\/vale-la-pena-instalar-un-videoportero-inteligente-ventajas-funciones-y-beneficios\/\" tabindex=\"-1\" ><div class=\"elementor-post__thumbnail\"><img loading=\"lazy\" decoding=\"async\" width=\"1024\" height=\"768\" src=\"https:\/\/logity.com\/site\/wp-content\/uploads\/2025\/08\/delivery-guy-clicking-bell_23-2148593098-1024x768.jpg\" class=\"attachment-large size-large wp-image-58687\" alt=\"\" srcset=\"https:\/\/logity.com\/site\/wp-content\/uploads\/2025\/08\/delivery-guy-clicking-bell_23-2148593098-1024x768.jpg 1024w, https:\/\/logity.com\/site\/wp-content\/uploads\/2025\/08\/delivery-guy-clicking-bell_23-2148593098-980x735.jpg 980w, https:\/\/logity.com\/site\/wp-content\/uploads\/2025\/08\/delivery-guy-clicking-bell_23-2148593098-480x360.jpg 480w\" sizes=\"(min-width: 0px) and (max-width: 480px) 480px, (min-width: 481px) and (max-width: 980px) 980px, (min-width: 981px) 1024px, 100vw\" \/><\/div><\/a>\n\t\t\t\t<div class=\"elementor-post__text\">\n\t\t\t\t<h2 class=\"elementor-post__title\">\n\t\t\t<a href=\"https:\/\/logity.com\/site\/pt\/vale-la-pena-instalar-un-videoportero-inteligente-ventajas-funciones-y-beneficios\/\" >\n\t\t\t\t\u00bfVale la pena instalar un videoportero inteligente? Ventajas, funciones y beneficios\t\t\t<\/a>\n\t\t<\/h2>\n\t\t\t\t<div class=\"elementor-post__excerpt\">\n\t\t\t<p>En el mundo actual, la seguridad y el control de acceso se han convertido en aspectos cruciales para cualquier propiedad. Una de las herramientas m\u00e1s<\/p>\n\t\t<\/div>\n\t\t\n\t\t<a class=\"elementor-post__read-more\" href=\"https:\/\/logity.com\/site\/pt\/vale-la-pena-instalar-un-videoportero-inteligente-ventajas-funciones-y-beneficios\/\" aria-label=\"Leia mais sobre \u00bfVale la pena instalar un videoportero inteligente? Ventajas, funciones y beneficios\" tabindex=\"-1\" >\n\t\t\tLer mais &quot;\t\t<\/a>\n\n\t\t\t\t<\/div>\n\t\t\t\t\t<\/div>\n\t\t<\/article>\n\t\t\t\t<article class=\"elementor-post elementor-grid-item post-58677 post type-post status-publish format-standard has-post-thumbnail hentry category-sin-categoria\" role=\"listitem\">\n\t\t\t<div class=\"elementor-post__card\">\n\t\t\t\t<a class=\"elementor-post__thumbnail__link\" href=\"https:\/\/logity.com\/site\/pt\/citofono-ip-vs-citofono-analogico-ventajas-diferencias-y-cual-elegir-para-su-propiedad\/\" tabindex=\"-1\" ><div class=\"elementor-post__thumbnail\"><img loading=\"lazy\" decoding=\"async\" width=\"1024\" height=\"682\" src=\"https:\/\/logity.com\/site\/wp-content\/uploads\/2025\/08\/shot-pretty-young-woman-using-home-automation-system-digital-tablet-regulate-temperature_519356-1881-1024x682.jpg\" class=\"attachment-large size-large wp-image-58680\" alt=\"\" srcset=\"https:\/\/logity.com\/site\/wp-content\/uploads\/2025\/08\/shot-pretty-young-woman-using-home-automation-system-digital-tablet-regulate-temperature_519356-1881-1024x682.jpg 1024w, https:\/\/logity.com\/site\/wp-content\/uploads\/2025\/08\/shot-pretty-young-woman-using-home-automation-system-digital-tablet-regulate-temperature_519356-1881-980x653.jpg 980w, https:\/\/logity.com\/site\/wp-content\/uploads\/2025\/08\/shot-pretty-young-woman-using-home-automation-system-digital-tablet-regulate-temperature_519356-1881-480x320.jpg 480w\" sizes=\"(min-width: 0px) and (max-width: 480px) 480px, (min-width: 481px) and (max-width: 980px) 980px, (min-width: 981px) 1024px, 100vw\" \/><\/div><\/a>\n\t\t\t\t<div class=\"elementor-post__text\">\n\t\t\t\t<h2 class=\"elementor-post__title\">\n\t\t\t<a href=\"https:\/\/logity.com\/site\/pt\/citofono-ip-vs-citofono-analogico-ventajas-diferencias-y-cual-elegir-para-su-propiedad\/\" >\n\t\t\t\tCit\u00f3fono IP vs. Cit\u00f3fono anal\u00f3gico: ventajas, diferencias y cu\u00e1l elegir para su propiedad\t\t\t<\/a>\n\t\t<\/h2>\n\t\t\t\t<div class=\"elementor-post__excerpt\">\n\t\t\t<p>La seguridad y el control de acceso son aspectos fundamentales en cualquier tipo de propiedad, ya sea residencial, comercial o empresarial. Una de las herramientas<\/p>\n\t\t<\/div>\n\t\t\n\t\t<a class=\"elementor-post__read-more\" href=\"https:\/\/logity.com\/site\/pt\/citofono-ip-vs-citofono-analogico-ventajas-diferencias-y-cual-elegir-para-su-propiedad\/\" aria-label=\"Leia mais sobre Cit\u00f3fono IP vs. Cit\u00f3fono anal\u00f3gico: ventajas, diferencias y cu\u00e1l elegir para su propiedad\" tabindex=\"-1\" >\n\t\t\tLer mais &quot;\t\t<\/a>\n\n\t\t\t\t<\/div>\n\t\t\t\t\t<\/div>\n\t\t<\/article>\n\t\t\t\t<article class=\"elementor-post elementor-grid-item post-58588 post type-post status-publish format-standard has-post-thumbnail hentry category-sin-categoria\" role=\"listitem\">\n\t\t\t<div class=\"elementor-post__card\">\n\t\t\t\t<a class=\"elementor-post__thumbnail__link\" href=\"https:\/\/logity.com\/site\/pt\/la-evolucion-del-acceso-residencial-como-el-acceso-inteligente-y-la-citofonia-inteligente-estan-transformando-los-edificios-modernos\/\" tabindex=\"-1\" ><div class=\"elementor-post__thumbnail\"><img loading=\"lazy\" decoding=\"async\" width=\"1024\" height=\"681\" src=\"https:\/\/logity.com\/site\/wp-content\/uploads\/2025\/07\/woman-touching-control-panel-wall-corridor_259150-60378-1024x681.jpg\" class=\"attachment-large size-large wp-image-58591\" alt=\"\" srcset=\"https:\/\/logity.com\/site\/wp-content\/uploads\/2025\/07\/woman-touching-control-panel-wall-corridor_259150-60378-980x652.jpg 980w, https:\/\/logity.com\/site\/wp-content\/uploads\/2025\/07\/woman-touching-control-panel-wall-corridor_259150-60378-480x319.jpg 480w\" sizes=\"(min-width: 0px) and (max-width: 480px) 480px, (min-width: 481px) and (max-width: 980px) 980px, (min-width: 981px) 1024px, 100vw\" \/><\/div><\/a>\n\t\t\t\t<div class=\"elementor-post__text\">\n\t\t\t\t<h2 class=\"elementor-post__title\">\n\t\t\t<a href=\"https:\/\/logity.com\/site\/pt\/la-evolucion-del-acceso-residencial-como-el-acceso-inteligente-y-la-citofonia-inteligente-estan-transformando-los-edificios-modernos\/\" >\n\t\t\t\tLa evoluci\u00f3n del acceso residencial: c\u00f3mo el acceso inteligente y la citofon\u00eda inteligente est\u00e1n transformando los edificios modernos\t\t\t<\/a>\n\t\t<\/h2>\n\t\t\t\t<div class=\"elementor-post__excerpt\">\n\t\t\t<p>\u00bfQu\u00e9 es el control de acceso para edificios y por qu\u00e9 es tan importante hoy? El control de acceso para edificios se refiere al conjunto<\/p>\n\t\t<\/div>\n\t\t\n\t\t<a class=\"elementor-post__read-more\" href=\"https:\/\/logity.com\/site\/pt\/la-evolucion-del-acceso-residencial-como-el-acceso-inteligente-y-la-citofonia-inteligente-estan-transformando-los-edificios-modernos\/\" aria-label=\"Leia mais sobre La evoluci\u00f3n del acceso residencial: c\u00f3mo el acceso inteligente y la citofon\u00eda inteligente est\u00e1n transformando los edificios modernos\" tabindex=\"-1\" >\n\t\t\tLer mais &quot;\t\t<\/a>\n\n\t\t\t\t<\/div>\n\t\t\t\t\t<\/div>\n\t\t<\/article>\n\t\t\t\t<article class=\"elementor-post elementor-grid-item post-58322 post type-post status-publish format-standard has-post-thumbnail hentry category-video-citofonia\" role=\"listitem\">\n\t\t\t<div class=\"elementor-post__card\">\n\t\t\t\t<a class=\"elementor-post__thumbnail__link\" href=\"https:\/\/logity.com\/site\/pt\/el-caos-de-la-citofonia-cableada\/\" tabindex=\"-1\" ><div class=\"elementor-post__thumbnail\"><img loading=\"lazy\" decoding=\"async\" width=\"980\" height=\"372\" src=\"https:\/\/logity.com\/site\/wp-content\/uploads\/2023\/10\/Articulo-1-2023.jpg\" class=\"attachment-large size-large wp-image-58323\" alt=\"\" srcset=\"https:\/\/logity.com\/site\/wp-content\/uploads\/2023\/10\/Articulo-1-2023.jpg 980w, https:\/\/logity.com\/site\/wp-content\/uploads\/2023\/10\/Articulo-1-2023-480x182.jpg 480w\" sizes=\"(min-width: 0px) and (max-width: 480px) 480px, (min-width: 481px) 980px, 100vw\" \/><\/div><\/a>\n\t\t\t\t<div class=\"elementor-post__text\">\n\t\t\t\t<h2 class=\"elementor-post__title\">\n\t\t\t<a href=\"https:\/\/logity.com\/site\/pt\/el-caos-de-la-citofonia-cableada\/\" >\n\t\t\t\tEl caos de la citofon\u00eda cableada\t\t\t<\/a>\n\t\t<\/h2>\n\t\t\t\t<div class=\"elementor-post__excerpt\">\n\t\t\t<p>La citofon\u00eda cableada se refiere a un sistema de comunicaci\u00f3n interna que permite la interacci\u00f3n\u00a0entre la porter\u00eda y las viviendas de un edificio o complejo<\/p>\n\t\t<\/div>\n\t\t\n\t\t<a class=\"elementor-post__read-more\" href=\"https:\/\/logity.com\/site\/pt\/el-caos-de-la-citofonia-cableada\/\" aria-label=\"Leia mais sobre El caos de la citofon\u00eda cableada\" tabindex=\"-1\" >\n\t\t\tLer mais &quot;\t\t<\/a>\n\n\t\t\t\t<\/div>\n\t\t\t\t\t<\/div>\n\t\t<\/article>\n\t\t\t\t<article class=\"elementor-post elementor-grid-item post-57146 post type-post status-publish format-standard has-post-thumbnail hentry category-video-citofonia\" role=\"listitem\">\n\t\t\t<div class=\"elementor-post__card\">\n\t\t\t\t<a class=\"elementor-post__thumbnail__link\" href=\"https:\/\/logity.com\/site\/pt\/logity-lobby-un-elemento-clave-para-la-comunicacion-de-tu-conjunto-residencial\/\" tabindex=\"-1\" ><div class=\"elementor-post__thumbnail\"><img loading=\"lazy\" decoding=\"async\" width=\"980\" height=\"372\" src=\"https:\/\/logity.com\/site\/wp-content\/uploads\/2021\/10\/Articulos-5.jpg\" class=\"attachment-large size-large wp-image-57147\" alt=\"\" srcset=\"https:\/\/logity.com\/site\/wp-content\/uploads\/2021\/10\/Articulos-5.jpg 980w, https:\/\/logity.com\/site\/wp-content\/uploads\/2021\/10\/Articulos-5-480x182.jpg 480w\" sizes=\"(min-width: 0px) and (max-width: 480px) 480px, (min-width: 481px) 980px, 100vw\" \/><\/div><\/a>\n\t\t\t\t<div class=\"elementor-post__text\">\n\t\t\t\t<h2 class=\"elementor-post__title\">\n\t\t\t<a href=\"https:\/\/logity.com\/site\/pt\/logity-lobby-un-elemento-clave-para-la-comunicacion-de-tu-conjunto-residencial\/\" >\n\t\t\t\tLogity Lobby um elemento chave para a comunica\u00e7\u00e3o do seu complexo residencial.\t\t\t<\/a>\n\t\t<\/h2>\n\t\t\t\t<div class=\"elementor-post__excerpt\">\n\t\t\t<p>Um meio de comunica\u00e7\u00e3o eficaz que une comunidades residenciais, usando v\u00eddeo porteiro inteligente. O Logity Lobby elimina fia\u00e7\u00e3o, dutos e equipamentos desnecess\u00e1rios dentro do<\/p>\n\t\t<\/div>\n\t\t\n\t\t<a class=\"elementor-post__read-more\" href=\"https:\/\/logity.com\/site\/pt\/logity-lobby-un-elemento-clave-para-la-comunicacion-de-tu-conjunto-residencial\/\" aria-label=\"Leia mais sobre Logity Lobby un elemento clave para la comunicaci\u00f3n de tu conjunto residencial.\" tabindex=\"-1\" >\n\t\t\tLer mais &quot;\t\t<\/a>\n\n\t\t\t\t<\/div>\n\t\t\t\t\t<\/div>\n\t\t<\/article>\n\t\t\t\t<article class=\"elementor-post elementor-grid-item post-57124 post type-post status-publish format-standard has-post-thumbnail hentry category-video-citofonia\" role=\"listitem\">\n\t\t\t<div class=\"elementor-post__card\">\n\t\t\t\t<a class=\"elementor-post__thumbnail__link\" href=\"https:\/\/logity.com\/site\/pt\/y-si-manana-se-cae-completamente-whatsapp-que-sucederia-con-la-comunicacion-en-tu-comunidad\/\" tabindex=\"-1\" ><div class=\"elementor-post__thumbnail\"><img loading=\"lazy\" decoding=\"async\" width=\"980\" height=\"372\" src=\"https:\/\/logity.com\/site\/wp-content\/uploads\/2021\/10\/Articulos-2.jpg\" class=\"attachment-large size-large wp-image-57125\" alt=\"\" srcset=\"https:\/\/logity.com\/site\/wp-content\/uploads\/2021\/10\/Articulos-2.jpg 980w, https:\/\/logity.com\/site\/wp-content\/uploads\/2021\/10\/Articulos-2-480x182.jpg 480w\" sizes=\"(min-width: 0px) and (max-width: 480px) 480px, (min-width: 481px) 980px, 100vw\" \/><\/div><\/a>\n\t\t\t\t<div class=\"elementor-post__text\">\n\t\t\t\t<h2 class=\"elementor-post__title\">\n\t\t\t<a href=\"https:\/\/logity.com\/site\/pt\/y-si-manana-se-cae-completamente-whatsapp-que-sucederia-con-la-comunicacion-en-tu-comunidad\/\" >\n\t\t\t\tE se o WhatsApp cair completamente amanh\u00e3? O que aconteceria com a comunica\u00e7\u00e3o em sua comunidade?\t\t\t<\/a>\n\t\t<\/h2>\n\t\t\t\t<div class=\"elementor-post__excerpt\">\n\t\t\t<p>Na segunda-feira, 4 de outubro, o aplicativo gratuito de mensagens instant\u00e2neas registrou queda mundial. Um fracasso que nos deixa com uma grande reflex\u00e3o diante de<\/p>\n\t\t<\/div>\n\t\t\n\t\t<a class=\"elementor-post__read-more\" href=\"https:\/\/logity.com\/site\/pt\/y-si-manana-se-cae-completamente-whatsapp-que-sucederia-con-la-comunicacion-en-tu-comunidad\/\" aria-label=\"Leia mais sobre \u00bfY si ma\u00f1ana se cae completamente WhatsApp? \u00bfQu\u00e9 suceder\u00eda con la comunicaci\u00f3n en tu comunidad?\" tabindex=\"-1\" >\n\t\t\tLer mais &quot;\t\t<\/a>\n\n\t\t\t\t<\/div>\n\t\t\t\t\t<\/div>\n\t\t<\/article>\n\t\t\t\t<\/div>\n\t\t\t\t\t<span class=\"e-load-more-spinner\">\n\t\t\t\t<i aria-hidden=\"true\" class=\"fas fa-spinner\"><\/i>\t\t\t<\/span>\n\t\t\n\t\t\t\t<div class=\"e-load-more-anchor\" data-page=\"1\" data-max-page=\"6\" data-next-page=\"https:\/\/logity.com\/site\/pt\/wp-json\/wp\/v2\/pages\/57151\/page\/2\/\"><\/div>\n\t\t\t\t<div class=\"elementor-button-wrapper\">\n\t\t\t<a class=\"elementor-button elementor-size-sm\" role=\"button\">\n\t\t\t\t\t\t<span class=\"elementor-button-content-wrapper\">\n\t\t\t\t\t\t\t<span class=\"elementor-button-icon\">\n\t\t\t\t<i aria-hidden=\"true\" class=\"far fa-hand-point-right\"><\/i>\t\t\t<\/span>\n\t\t\t\t\t\t\t\t\t<span class=\"elementor-button-text\">M\u00e1s Articulos<\/span>\n\t\t\t\t\t<\/span>\n\t\t\t\t\t<\/a>\n\t\t<\/div>\n\t\t\t\t<div class=\"e-load-more-message\">No hay m\u00e1s art\u00edculos para mostrar<\/div>\n\t\t\t\t\t\t<\/div>\n\t\t\t\t<\/div>\n\t\t\t\t\t<\/div>\n\t\t<\/div>\n\t\t\t\t\t<\/div>\n\t\t<\/section>\n\t\t\t\t<\/div>","protected":false},"excerpt":{"rendered":"","protected":false},"author":1,"featured_media":0,"parent":0,"menu_order":0,"comment_status":"closed","ping_status":"closed","template":"elementor_header_footer","meta":{"_et_pb_use_builder":"on","_et_pb_old_content":"","_et_gb_content_width":"","footnotes":""},"class_list":["post-57151","page","type-page","status-publish","hentry"],"yoast_head":"<!-- This site is optimized with the Yoast SEO Premium plugin v22.3 (Yoast SEO v27.4) - https:\/\/yoast.com\/product\/yoast-seo-premium-wordpress\/ -->\n<title>Recursos - Logity<\/title>\n<meta name=\"robots\" content=\"index, follow, max-snippet:-1, max-image-preview:large, max-video-preview:-1\" \/>\n<link rel=\"canonical\" href=\"https:\/\/logity.com\/site\/pt\/blog\/\" \/>\n<meta property=\"og:locale\" content=\"pt_BR\" \/>\n<meta property=\"og:type\" content=\"article\" \/>\n<meta property=\"og:title\" content=\"Recursos\" \/>\n<meta property=\"og:url\" content=\"https:\/\/logity.com\/site\/pt\/blog\/\" \/>\n<meta property=\"og:site_name\" content=\"Logity\" \/>\n<meta property=\"article:modified_time\" content=\"2025-02-26T20:02:03+00:00\" \/>\n<meta name=\"twitter:card\" content=\"summary_large_image\" \/>\n<meta name=\"twitter:label1\" content=\"Est. tempo de leitura\" \/>\n\t<meta name=\"twitter:data1\" content=\"5 minutos\" \/>\n<script type=\"application\/ld+json\" class=\"yoast-schema-graph\">{\"@context\":\"https:\\\/\\\/schema.org\",\"@graph\":[{\"@type\":\"WebPage\",\"@id\":\"https:\\\/\\\/logity.com\\\/site\\\/blog\\\/\",\"url\":\"https:\\\/\\\/logity.com\\\/site\\\/blog\\\/\",\"name\":\"Recursos - Logity\",\"isPartOf\":{\"@id\":\"https:\\\/\\\/logity.com\\\/site\\\/#website\"},\"datePublished\":\"2022-01-04T13:34:22+00:00\",\"dateModified\":\"2025-02-26T20:02:03+00:00\",\"breadcrumb\":{\"@id\":\"https:\\\/\\\/logity.com\\\/site\\\/blog\\\/#breadcrumb\"},\"inLanguage\":\"pt-BR\",\"potentialAction\":[{\"@type\":\"ReadAction\",\"target\":[\"https:\\\/\\\/logity.com\\\/site\\\/blog\\\/\"]}]},{\"@type\":\"BreadcrumbList\",\"@id\":\"https:\\\/\\\/logity.com\\\/site\\\/blog\\\/#breadcrumb\",\"itemListElement\":[{\"@type\":\"ListItem\",\"position\":1,\"name\":\"Inicio\",\"item\":\"https:\\\/\\\/logity.com\\\/site\\\/\"},{\"@type\":\"ListItem\",\"position\":2,\"name\":\"Recursos\"}]},{\"@type\":\"WebSite\",\"@id\":\"https:\\\/\\\/logity.com\\\/site\\\/#website\",\"url\":\"https:\\\/\\\/logity.com\\\/site\\\/\",\"name\":\"Logity\",\"description\":\"Citofon\u00eda Virtual Inteligente\",\"potentialAction\":[{\"@type\":\"SearchAction\",\"target\":{\"@type\":\"EntryPoint\",\"urlTemplate\":\"https:\\\/\\\/logity.com\\\/site\\\/?s={search_term_string}\"},\"query-input\":{\"@type\":\"PropertyValueSpecification\",\"valueRequired\":true,\"valueName\":\"search_term_string\"}}],\"inLanguage\":\"pt-BR\"}]}<\/script>\n<!-- \/ Yoast SEO Premium plugin. -->","yoast_head_json":{"title":"Recursos - Logity","robots":{"index":"index","follow":"follow","max-snippet":"max-snippet:-1","max-image-preview":"max-image-preview:large","max-video-preview":"max-video-preview:-1"},"canonical":"https:\/\/logity.com\/site\/pt\/blog\/","og_locale":"pt_BR","og_type":"article","og_title":"Recursos","og_url":"https:\/\/logity.com\/site\/pt\/blog\/","og_site_name":"Logity","article_modified_time":"2025-02-26T20:02:03+00:00","twitter_card":"summary_large_image","twitter_misc":{"Est. tempo de leitura":"5 minutos"},"schema":{"@context":"https:\/\/schema.org","@graph":[{"@type":"WebPage","@id":"https:\/\/logity.com\/site\/blog\/","url":"https:\/\/logity.com\/site\/blog\/","name":"Recursos - Logity","isPartOf":{"@id":"https:\/\/logity.com\/site\/#website"},"datePublished":"2022-01-04T13:34:22+00:00","dateModified":"2025-02-26T20:02:03+00:00","breadcrumb":{"@id":"https:\/\/logity.com\/site\/blog\/#breadcrumb"},"inLanguage":"pt-BR","potentialAction":[{"@type":"ReadAction","target":["https:\/\/logity.com\/site\/blog\/"]}]},{"@type":"BreadcrumbList","@id":"https:\/\/logity.com\/site\/blog\/#breadcrumb","itemListElement":[{"@type":"ListItem","position":1,"name":"Inicio","item":"https:\/\/logity.com\/site\/"},{"@type":"ListItem","position":2,"name":"Recursos"}]},{"@type":"WebSite","@id":"https:\/\/logity.com\/site\/#website","url":"https:\/\/logity.com\/site\/","name":"Logidade","description":"Sistema de telefone virtual inteligente","potentialAction":[{"@type":"SearchAction","target":{"@type":"EntryPoint","urlTemplate":"https:\/\/logity.com\/site\/?s={search_term_string}"},"query-input":{"@type":"PropertyValueSpecification","valueRequired":true,"valueName":"search_term_string"}}],"inLanguage":"pt-BR"}]}},"jetpack-related-posts":[],"jetpack_sharing_enabled":true,"_links":{"self":[{"href":"https:\/\/logity.com\/site\/pt\/wp-json\/wp\/v2\/pages\/57151","targetHints":{"allow":["GET"]}}],"collection":[{"href":"https:\/\/logity.com\/site\/pt\/wp-json\/wp\/v2\/pages"}],"about":[{"href":"https:\/\/logity.com\/site\/pt\/wp-json\/wp\/v2\/types\/page"}],"author":[{"embeddable":true,"href":"https:\/\/logity.com\/site\/pt\/wp-json\/wp\/v2\/users\/1"}],"replies":[{"embeddable":true,"href":"https:\/\/logity.com\/site\/pt\/wp-json\/wp\/v2\/comments?post=57151"}],"version-history":[{"count":46,"href":"https:\/\/logity.com\/site\/pt\/wp-json\/wp\/v2\/pages\/57151\/revisions"}],"predecessor-version":[{"id":58526,"href":"https:\/\/logity.com\/site\/pt\/wp-json\/wp\/v2\/pages\/57151\/revisions\/58526"}],"wp:attachment":[{"href":"https:\/\/logity.com\/site\/pt\/wp-json\/wp\/v2\/media?parent=57151"}],"curies":[{"name":"wp","href":"https:\/\/api.w.org\/{rel}","templated":true}]}}